{"id":908,"date":"2024-09-14T16:58:03","date_gmt":"2024-09-14T16:58:03","guid":{"rendered":"https:\/\/justin-saulnier.com\/?page_id=908"},"modified":"2026-02-10T06:02:14","modified_gmt":"2026-02-10T06:02:14","slug":"about","status":"publish","type":"page","link":"https:\/\/justin-saulnier.com\/fr\/about\/","title":{"rendered":"Biographie"},"content":{"rendered":"<div data-elementor-type=\"wp-page\" data-elementor-id=\"908\" class=\"elementor elementor-908\">\n\t\t\t\t\t\t<section class=\"elementor-section elementor-top-section elementor-element elementor-element-yz70xwz elementor-section-content-middle elementor-section-boxed elementor-section-height-default elementor-section-height-default\" data-id=\"yz70xwz\" data-element_type=\"section\" data-e-type=\"section\" data-settings=\"{&quot;background_background&quot;:&quot;classic&quot;}\">\n\t\t\t\t\t\t\t<div class=\"elementor-background-overlay\"><\/div>\n\t\t\t\t\t\t\t<div class=\"elementor-container elementor-column-gap-no\">\n\t\t\t\t\t<div class=\"elementor-column elementor-col-100 elementor-top-column elementor-element elementor-element-ed27561\" data-id=\"ed27561\" data-element_type=\"column\" data-e-type=\"column\">\n\t\t\t<div class=\"elementor-widget-wrap elementor-element-populated\">\n\t\t\t\t\t\t<div class=\"elementor-element elementor-element-e8447ed elementor-position-top elementor-widget elementor-widget-image-box\" data-id=\"e8447ed\" data-element_type=\"widget\" data-e-type=\"widget\" data-widget_type=\"image-box.default\">\n\t\t\t\t<div class=\"elementor-widget-container\">\n\t\t\t\t\t<div class=\"elementor-image-box-wrapper\"><figure class=\"elementor-image-box-img\"><img fetchpriority=\"high\" decoding=\"async\" width=\"2560\" height=\"1703\" src=\"https:\/\/justin-saulnier.com\/wp-content\/uploads\/2026\/02\/AKR4461-scaled.jpg\" class=\"attachment-full size-full wp-image-1427\" alt=\"\" srcset=\"https:\/\/justin-saulnier.com\/wp-content\/uploads\/2026\/02\/AKR4461-scaled.jpg 2560w, https:\/\/justin-saulnier.com\/wp-content\/uploads\/2026\/02\/AKR4461-300x200.jpg 300w, https:\/\/justin-saulnier.com\/wp-content\/uploads\/2026\/02\/AKR4461-1024x681.jpg 1024w, https:\/\/justin-saulnier.com\/wp-content\/uploads\/2026\/02\/AKR4461-768x511.jpg 768w, https:\/\/justin-saulnier.com\/wp-content\/uploads\/2026\/02\/AKR4461-1536x1022.jpg 1536w, https:\/\/justin-saulnier.com\/wp-content\/uploads\/2026\/02\/AKR4461-2048x1363.jpg 2048w, https:\/\/justin-saulnier.com\/wp-content\/uploads\/2026\/02\/AKR4461-18x12.jpg 18w\" sizes=\"(max-width: 2560px) 100vw, 2560px\" \/><\/figure><div class=\"elementor-image-box-content\"><h2 class=\"elementor-image-box-title\">Biographie<\/h2><p class=\"elementor-image-box-description\"><b>Nomm\u00e9 par la CBC parmi les 30 jeunes musiciens les plus prometteurs du Canada en 2023, Justin Saulnier est une jeune \u00e9toile montante de la sc\u00e8ne musicale canadienne. Son talent et sa pr\u00e9sence sur sc\u00e8ne lui ont valu de se produire partout au Canada et \u00e0 l\u2019\u00e9tranger.<\/b><br><br>Violoniste franco-ontarien originaire d\u2019Orl\u00e9ans, Justin a fait ses d\u00e9buts comme soliste avec orchestre \u00e0 l\u2019\u00e2ge de 12 ans avec l\u2019Orchestre de chambre d\u2019Ottawa. Depuis, il s\u2019est produit avec l\u2019Orchestre symphonique de Montr\u00e9al, l\u2019Orchestre M\u00e9tropolitain, l\u2019Orchestre du Centre national des Arts du Canada, l\u2019Orchestre symphonique d\u2019Ottawa, l\u2019Orchestre national des jeunes du Canada, l\u2019Orchestre symphonique de McGill, la Sinfonia de Montr\u00e9al, l\u2019Orchestre symphonique de Pembroke, l\u2019Orchestre symphonique des jeunes de Montr\u00e9al et l\u2019Orchestre des jeunes d\u2019Ottawa, sous la direction de chefs renomm\u00e9s tels que Yannick N\u00e9zet-S\u00e9guin, Tomas Netopil, Naomi Woo et Alexis Hauser. Il a \u00e9galement particip\u00e9 \u00e0 de nombreux festivals d\u2019\u00e9t\u00e9, dont la Vir\u00e9e classique, Music and Beyond, Music Academy of the West et le Sarasota Music Festival.<br><br>Laur\u00e9at de nombreux prix, Justin a notamment remport\u00e9 le premier prix Michael Measures du Conseil des arts du Canada, le premier prix du concours Eckhardt-Gramatt\u00e9, du Golden Violin Competition et du concours de bourses de l\u2019OCNA. Il a \u00e9galement remport\u00e9 le deuxi\u00e8me prix du Concours OSM et du Shean Strings Competition, le grand prix du concours OMNI de l\u2019Orchestre M\u00e9tropolitain, le Concours et Festival de Musique de Lanaudi\u00e8re, le Concours de concerto romantique de McGill et le concours provincial de l\u2019OMFA. Finaliste du London Classic International Violin Competition, il est aussi r\u00e9cipiendaire d\u2019une bourse \u00ab Developing Artist Grant \u00bb de la Fondation Hnatyshyn, dont il se dit tr\u00e8s reconnaissant.<br><br>Justin nourrit \u00e9galement une grande passion pour la musique de chambre. Premier violon du Quatuor Horatio, il a particip\u00e9 au Concours international de musique de chambre de Lyon et \u00e0 l\u2019Acad\u00e9mie internationale de quatuor \u00e0 cordes de Montr\u00e9al. Le quatuor a b\u00e9n\u00e9fici\u00e9 des conseils de leur mentor Andr\u00e9 Roy, ainsi que de Mathieu Herzog, Petr Prause, Ralph de Souza, et des quatuors Dover, Jerusalem et Calidore. Justin a aussi partag\u00e9 la sc\u00e8ne avec des musiciens de renom tels qu\u2019Arnaud Sussmann, Jeffery Kahane et Marianne Gedigian.<br><br>Musicien d\u2019orchestre engag\u00e9, il a occup\u00e9 le poste de violon solo du Festival Orchestra de la Music Academy of the West, de l\u2019Orchestre national des jeunes du Canada, de l\u2019Orchestre de chambre d\u2019Ottawa et de l\u2019Orchestre symphonique de McGill, entre autres. <br><br>Il poursuit actuellement un baccalaur\u00e9at \u00e0 l\u2019Universit\u00e9 McGill aupr\u00e8s d\u2019Andrew Wan. Il exprime sa gratitude \u00e0 la Fondation Lloyd Carr-Harris pour son g\u00e9n\u00e9reux soutien. Justin joue sur un violon Francesco Ruggeri de 1680, fabriqu\u00e9 \u00e0 Cr\u00e9mone, ainsi qu\u2019un archet Louis Gillet, pr\u00eat\u00e9s g\u00e9n\u00e9reusement par la compagnie Canimex Inc. de Drummondville.<\/p><\/div><\/div>\t\t\t\t<\/div>\n\t\t\t\t<\/div>\n\t\t\t\t\t<\/div>\n\t\t<\/div>\n\t\t\t\t\t<\/div>\n\t\t<\/section>\n\t\t\t\t<\/div>","protected":false},"excerpt":{"rendered":"<p>Biography Featured in CBC Music\u2019s \u201c30 hot Canadian classical musicians under 30\u201d list in 2023, Justin Saulnier is a young rising star in the Canadian music scene. His musicianship and stage presence have earned him performances all across Canada and beyond. Justin is a Franco-Ontarian violinist from Orl\u00e9ans. He made his orchestral solo debut at [&hellip;]<\/p>\n","protected":false},"author":1,"featured_media":0,"parent":0,"menu_order":0,"comment_status":"closed","ping_status":"closed","template":"","meta":{"site-sidebar-layout":"no-sidebar","site-content-layout":"page-builder","ast-site-content-layout":"full-width-container","site-content-style":"default","site-sidebar-style":"default","ast-global-header-display":"","ast-banner-title-visibility":"","ast-main-header-display":"","ast-hfb-above-header-display":"","ast-hfb-below-header-display":"","ast-hfb-mobile-header-display":"","site-post-title":"disabled","ast-breadcrumbs-content":"","ast-featured-img":"disabled","footer-sml-layout":"","ast-disable-related-posts":"","theme-transparent-header-meta":"disabled","adv-header-id-meta":"","stick-header-meta":"","header-above-stick-meta":"","header-main-stick-meta":"","header-below-stick-meta":"","astra-migrate-meta-layouts":"set","ast-page-background-enabled":"default","ast-page-background-meta":{"desktop":{"background-color":"","background-image":"","background-repeat":"repeat","background-position":"center center","background-size":"auto","background-attachment":"scroll","background-type":"","background-media":"","overlay-type":"","overlay-color":"","overlay-opacity":"","overlay-gradient":""},"tablet":{"background-color":"","background-image":"","background-repeat":"repeat","background-position":"center center","background-size":"auto","background-attachment":"scroll","background-type":"","background-media":"","overlay-type":"","overlay-color":"","overlay-opacity":"","overlay-gradient":""},"mobile":{"background-color":"","background-image":"","background-repeat":"repeat","background-position":"center center","background-size":"auto","background-attachment":"scroll","background-type":"","background-media":"","overlay-type":"","overlay-color":"","overlay-opacity":"","overlay-gradient":""}},"ast-content-background-meta":{"desktop":{"background-color":"var(--ast-global-color-5)","background-image":"","background-repeat":"repeat","background-position":"center center","background-size":"auto","background-attachment":"scroll","background-type":"","background-media":"","overlay-type":"","overlay-color":"","overlay-opacity":"","overlay-gradient":""},"tablet":{"background-color":"var(--ast-global-color-5)","background-image":"","background-repeat":"repeat","background-position":"center center","background-size":"auto","background-attachment":"scroll","background-type":"","background-media":"","overlay-type":"","overlay-color":"","overlay-opacity":"","overlay-gradient":""},"mobile":{"background-color":"var(--ast-global-color-5)","background-image":"","background-repeat":"repeat","background-position":"center center","background-size":"auto","background-attachment":"scroll","background-type":"","background-media":"","overlay-type":"","overlay-color":"","overlay-opacity":"","overlay-gradient":""}},"footnotes":""},"class_list":["post-908","page","type-page","status-publish","hentry"],"aioseo_notices":[],"_links":{"self":[{"href":"https:\/\/justin-saulnier.com\/fr\/wp-json\/wp\/v2\/pages\/908","targetHints":{"allow":["GET"]}}],"collection":[{"href":"https:\/\/justin-saulnier.com\/fr\/wp-json\/wp\/v2\/pages"}],"about":[{"href":"https:\/\/justin-saulnier.com\/fr\/wp-json\/wp\/v2\/types\/page"}],"author":[{"embeddable":true,"href":"https:\/\/justin-saulnier.com\/fr\/wp-json\/wp\/v2\/users\/1"}],"replies":[{"embeddable":true,"href":"https:\/\/justin-saulnier.com\/fr\/wp-json\/wp\/v2\/comments?post=908"}],"version-history":[{"count":45,"href":"https:\/\/justin-saulnier.com\/fr\/wp-json\/wp\/v2\/pages\/908\/revisions"}],"predecessor-version":[{"id":1465,"href":"https:\/\/justin-saulnier.com\/fr\/wp-json\/wp\/v2\/pages\/908\/revisions\/1465"}],"wp:attachment":[{"href":"https:\/\/justin-saulnier.com\/fr\/wp-json\/wp\/v2\/media?parent=908"}],"curies":[{"name":"wp","href":"https:\/\/api.w.org\/{rel}","templated":true}]}}