{"id":883,"date":"2024-09-09T16:57:44","date_gmt":"2024-09-09T16:57:44","guid":{"rendered":"https:\/\/justin-saulnier.com\/home\/"},"modified":"2026-03-31T21:03:02","modified_gmt":"2026-03-31T21:03:02","slug":"home","status":"publish","type":"page","link":"https:\/\/justin-saulnier.com\/fr\/","title":{"rendered":"Home"},"content":{"rendered":"<div data-elementor-type=\"wp-page\" data-elementor-id=\"883\" class=\"elementor elementor-883\">\n\t\t\t\t<div class=\"elementor-element elementor-element-bc222e4 e-flex e-con-boxed e-con e-parent\" data-id=\"bc222e4\" data-element_type=\"container\" data-e-type=\"container\" data-settings=\"{&quot;background_background&quot;:&quot;classic&quot;}\">\n\t\t\t\t\t<div class=\"e-con-inner\">\n\t\t\t\t<div class=\"elementor-element elementor-element-4af0950 elementor-widget elementor-widget-heading\" data-id=\"4af0950\" data-element_type=\"widget\" data-e-type=\"widget\" data-widget_type=\"heading.default\">\n\t\t\t\t<div class=\"elementor-widget-container\">\n\t\t\t\t\t<h1 class=\"elementor-heading-title elementor-size-default\">Justin Saulnier, violoniste<\/h1>\t\t\t\t<\/div>\n\t\t\t\t<\/div>\n\t\t\t\t\t<\/div>\n\t\t\t\t<\/div>\n\t\t<div class=\"elementor-element elementor-element-cd12582 e-flex e-con-boxed e-con e-parent\" data-id=\"cd12582\" data-element_type=\"container\" data-e-type=\"container\">\n\t\t\t\t\t<div class=\"e-con-inner\">\n\t\t<div class=\"elementor-element elementor-element-5ee93a3 e-con-full e-flex e-con e-child\" data-id=\"5ee93a3\" data-element_type=\"container\" data-e-type=\"container\">\n\t\t\t\t<div class=\"elementor-element elementor-element-e547a96 elementor-widget elementor-widget-heading\" data-id=\"e547a96\" data-element_type=\"widget\" data-e-type=\"widget\" data-widget_type=\"heading.default\">\n\t\t\t\t<div class=\"elementor-widget-container\">\n\t\t\t\t\t<h2 class=\"elementor-heading-title elementor-size-default\">Biographie<\/h2>\t\t\t\t<\/div>\n\t\t\t\t<\/div>\n\t\t\t\t<\/div>\n\t\t<div class=\"elementor-element elementor-element-1fb26a7 e-grid e-con-full e-con e-child\" data-id=\"1fb26a7\" data-element_type=\"container\" data-e-type=\"container\">\n\t\t\t\t<div class=\"elementor-element elementor-element-cb4b756 elementor-widget elementor-widget-image\" data-id=\"cb4b756\" data-element_type=\"widget\" data-e-type=\"widget\" data-widget_type=\"image.default\">\n\t\t\t\t<div class=\"elementor-widget-container\">\n\t\t\t\t\t\t\t\t\t\t\t\t\t\t\t<img fetchpriority=\"high\" decoding=\"async\" width=\"1703\" height=\"2560\" src=\"https:\/\/justin-saulnier.com\/wp-content\/uploads\/2026\/02\/AKR4316-scaled.jpg\" class=\"attachment-full size-full wp-image-1422\" alt=\"\" srcset=\"https:\/\/justin-saulnier.com\/wp-content\/uploads\/2026\/02\/AKR4316-scaled.jpg 1703w, https:\/\/justin-saulnier.com\/wp-content\/uploads\/2026\/02\/AKR4316-200x300.jpg 200w, https:\/\/justin-saulnier.com\/wp-content\/uploads\/2026\/02\/AKR4316-681x1024.jpg 681w, https:\/\/justin-saulnier.com\/wp-content\/uploads\/2026\/02\/AKR4316-768x1154.jpg 768w, https:\/\/justin-saulnier.com\/wp-content\/uploads\/2026\/02\/AKR4316-1022x1536.jpg 1022w, https:\/\/justin-saulnier.com\/wp-content\/uploads\/2026\/02\/AKR4316-1363x2048.jpg 1363w, https:\/\/justin-saulnier.com\/wp-content\/uploads\/2026\/02\/AKR4316-8x12.jpg 8w\" sizes=\"(max-width: 1703px) 100vw, 1703px\" \/>\t\t\t\t\t\t\t\t\t\t\t\t\t\t\t<\/div>\n\t\t\t\t<\/div>\n\t\t\t\t<div class=\"elementor-element elementor-element-69b40e3 elementor-widget elementor-widget-text-editor\" data-id=\"69b40e3\" data-element_type=\"widget\" data-e-type=\"widget\" data-widget_type=\"text-editor.default\">\n\t\t\t\t<div class=\"elementor-widget-container\">\n\t\t\t\t\t\t\t\t\t<p><span style=\"font-weight: bold;\">Nomm\u00e9 par la CBC parmi les 30 jeunes musiciens les plus prometteurs du Canada en 2023, Justin Saulnier est une jeune \u00e9toile montante de la sc\u00e8ne musicale canadienne. Son talent et sa pr\u00e9sence sur sc\u00e8ne lui ont valu de se produire partout au Canada et \u00e0 l\u2019\u00e9tranger.<\/span><\/p><p>Il a r\u00e9cemment remport\u00e9 le premier prix Michael Measures du Conseil des arts du Canada, lui permettant de donner plusieurs performances comme soliste avec l'Orchestre des jeunes national du Canada. Il a aussi \u00e9t\u00e9 soliste avec l'Orchestre Symphonique de Montr\u00e9al, l'Orchestre du Centre national des Arts, et l'Orchestre M\u00e9tropolitain, entre autres. Justin joue sur un violon Francesco Ruggeri de 1680, fabriqu\u00e9 \u00e0 Cr\u00e9mone, ainsi qu\u2019un archet Louis Gillet, pr\u00eat\u00e9s g\u00e9n\u00e9reusement par la compagnie Canimex Inc. de Drummondville.<\/p><p><u><b><i><a href=\"https:\/\/justin-saulnier.com\/fr\/about\/\">Lire plus...<\/a><\/i><\/b><\/u><\/p>\t\t\t\t\t\t\t\t<\/div>\n\t\t\t\t<\/div>\n\t\t\t\t<\/div>\n\t\t\t\t\t<\/div>\n\t\t\t\t<\/div>\n\t\t<div class=\"elementor-element elementor-element-57fa8bb e-flex e-con-boxed e-con e-parent\" data-id=\"57fa8bb\" data-element_type=\"container\" data-e-type=\"container\" data-settings=\"{&quot;background_background&quot;:&quot;classic&quot;}\">\n\t\t\t\t\t<div class=\"e-con-inner\">\n\t\t\t\t\t<\/div>\n\t\t\t\t<\/div>\n\t\t<div class=\"elementor-element elementor-element-e871c0b e-flex e-con-boxed e-con e-parent\" data-id=\"e871c0b\" data-element_type=\"container\" data-e-type=\"container\" id=\"menu\">\n\t\t\t\t\t<div class=\"e-con-inner\">\n\t\t\t\t<div class=\"elementor-element elementor-element-64d0a1f elementor-widget elementor-widget-heading\" data-id=\"64d0a1f\" data-element_type=\"widget\" data-e-type=\"widget\" data-widget_type=\"heading.default\">\n\t\t\t\t<div class=\"elementor-widget-container\">\n\t\t\t\t\t<h2 class=\"elementor-heading-title elementor-size-default\">Performances<\/h2>\t\t\t\t<\/div>\n\t\t\t\t<\/div>\n\t\t<div class=\"elementor-element elementor-element-5c7dcc3 e-grid e-con-full e-con e-child\" data-id=\"5c7dcc3\" data-element_type=\"container\" data-e-type=\"container\">\n\t\t<a class=\"elementor-element elementor-element-014339d e-con-full e-flex e-con e-child\" data-id=\"014339d\" data-element_type=\"container\" data-e-type=\"container\" data-settings=\"{&quot;background_background&quot;:&quot;classic&quot;}\">\n\t\t\t\t<div class=\"elementor-element elementor-element-6f1eb29 elementor-widget elementor-widget-text-editor\" data-id=\"6f1eb29\" data-element_type=\"widget\" data-e-type=\"widget\" data-widget_type=\"text-editor.default\">\n\t\t\t\t<div class=\"elementor-widget-container\">\n\t\t\t\t\t\t\t\t\t<h5 style=\"font-style: normal; margin-bottom: 0px;\" data-elementor-setting-key=\"title\" data-pen-placeholder=\"Type Here...\">April 24th, 2026 | 8:45pm<\/h5><div>\u00a0<\/div><p><b>Redpath Hall<\/b><br \/>Schulich School of Music Graduating Recital<\/p><p><i>Claude Debussy<\/i> &#8211; Violin Sonata in G minor, L. 140<i><br \/>Ana Sokolovic <\/i>&#8211; Chant<i><br \/><\/i><i><\/i><i style=\"font-weight: inherit; background-color: rgba(242, 245, 247, 0);\"><\/i><i>Ludwig van Beethoven<\/i> &#8211; Violin Sonata No. 7 in C minor, Op. 30, No. 2<br \/><i>Henryk Wieniawski<\/i> &#8211; Polonaise de concert, Op. 4<br \/><i><\/i><\/p><p>Gaspard Tanguay-Labrosse, piano<\/p>\t\t\t\t\t\t\t\t<\/div>\n\t\t\t\t<\/div>\n\t\t\t\t<\/a>\n\t\t<a class=\"elementor-element elementor-element-5afcdde e-con-full e-flex e-con e-child\" data-id=\"5afcdde\" data-element_type=\"container\" data-e-type=\"container\" data-settings=\"{&quot;background_background&quot;:&quot;classic&quot;}\" href=\"https:\/\/www.concoursmontreal.ca\/en\/violin-2026\/box-office\/\" target=\"_blank\">\n\t\t\t\t<div class=\"elementor-element elementor-element-32a1399 elementor-widget elementor-widget-text-editor\" data-id=\"32a1399\" data-element_type=\"widget\" data-e-type=\"widget\" data-widget_type=\"text-editor.default\">\n\t\t\t\t<div class=\"elementor-widget-container\">\n\t\t\t\t\t\t\t\t\t<h5 style=\"font-style: normal; margin-bottom: 0px;\" data-elementor-setting-key=\"title\" data-pen-placeholder=\"Type Here...\">May 27-28th, 2026<\/h5><div>\u00a0<\/div><p><b>Salle Bourgie<\/b><br \/>Concours Musical International de Montr\u00e9al, 1st round<\/p><p><i>Johann Sebastian Bach &#8211; <\/i>Violin Sonata No. 1 in G minor, I. Adagio, II. Fugue<i><br \/>Claude Debussy<\/i> &#8211; Violin Sonata in G minor, L. 140<br \/><i>Henryk Wieniawski<\/i> &#8211; Polonaise de concert, Op. 4<br \/><i><\/i><\/p><p>Gaspard Tanguay-Labrosse, piano<\/p>\t\t\t\t\t\t\t\t<\/div>\n\t\t\t\t<\/div>\n\t\t\t\t<\/a>\n\t\t<a class=\"elementor-element elementor-element-d94f7c0 e-con-full e-flex e-con e-child\" data-id=\"d94f7c0\" data-element_type=\"container\" data-e-type=\"container\" data-settings=\"{&quot;background_background&quot;:&quot;classic&quot;}\">\n\t\t\t\t<div class=\"elementor-element elementor-element-f77922e elementor-widget elementor-widget-text-editor\" data-id=\"f77922e\" data-element_type=\"widget\" data-e-type=\"widget\" data-widget_type=\"text-editor.default\">\n\t\t\t\t<div class=\"elementor-widget-container\">\n\t\t\t\t\t\t\t\t\t<h5 style=\"font-style: normal; margin-bottom: 0px;\" data-elementor-setting-key=\"title\" data-pen-placeholder=\"Type Here...\">August 12th, 2026 | 8pm<\/h5><div>\u00a0<\/div><p><b>Maison Trestler<\/b><br \/>Summer Music Festival<\/p><p><i>Johann Sebastian Bach &#8211; <\/i>Violin Sonata No. 1 in G minor, BWV 1001<i><br \/><\/i><i><\/i><i style=\"font-weight: inherit; background-color: rgba(242, 245, 247, 0);\"><\/i><i>Ludwig van Beethoven<\/i> &#8211; Violin Sonata No. 7 in C minor, Op. 30, No. 2<br \/><em>-Intermission-<\/em><br \/><i>C\u00e9sar Franck<\/i> &#8211; Violin Sonata in A major<br \/><i>Henryk Wieniawski<\/i> &#8211; Polonaise de concert, Op. 4<br \/><i><\/i><\/p><p>Emmanuel Roberts-Dugal, piano<\/p>\t\t\t\t\t\t\t\t<\/div>\n\t\t\t\t<\/div>\n\t\t\t\t<\/a>\n\t\t\t\t<\/div>\n\t\t<div class=\"elementor-element elementor-element-0c7358a e-con-full e-flex e-con e-child\" data-id=\"0c7358a\" data-element_type=\"container\" data-e-type=\"container\">\n\t\t\t\t<div class=\"elementor-element elementor-element-cc8ceb7 elementor-widget-divider--view-line elementor-widget elementor-widget-divider\" data-id=\"cc8ceb7\" data-element_type=\"widget\" data-e-type=\"widget\" data-widget_type=\"divider.default\">\n\t\t\t\t<div class=\"elementor-widget-container\">\n\t\t\t\t\t\t\t<div class=\"elementor-divider\">\n\t\t\t<span class=\"elementor-divider-separator\">\n\t\t\t\t\t\t<\/span>\n\t\t<\/div>\n\t\t\t\t\t\t<\/div>\n\t\t\t\t<\/div>\n\t\t\t\t<div class=\"elementor-element elementor-element-2786ec0 elementor-align-center elementor-widget elementor-widget-button\" data-id=\"2786ec0\" data-element_type=\"widget\" data-e-type=\"widget\" data-widget_type=\"button.default\">\n\t\t\t\t<div class=\"elementor-widget-container\">\n\t\t\t\t\t\t\t\t\t<div class=\"elementor-button-wrapper\">\n\t\t\t\t\t<a class=\"elementor-button elementor-button-link elementor-size-sm\" href=\"https:\/\/justin-saulnier.com\/fr\/performances\/\">\n\t\t\t\t\t\t<span class=\"elementor-button-content-wrapper\">\n\t\t\t\t\t\t\t\t\t<span class=\"elementor-button-text\">Plus de dates<\/span>\n\t\t\t\t\t<\/span>\n\t\t\t\t\t<\/a>\n\t\t\t\t<\/div>\n\t\t\t\t\t\t\t\t<\/div>\n\t\t\t\t<\/div>\n\t\t\t\t<\/div>\n\t\t\t\t\t<\/div>\n\t\t\t\t<\/div>\n\t\t\t\t<\/div>","protected":false},"excerpt":{"rendered":"<p>Justin Saulnier, Violinist About Featured in CBC Music\u2019s \u201c30 hot Canadian classical musicians under 30\u201d list in 2023, Justin Saulnier is a young rising star in the Canadian music scene. His musicianship and stage presence have earned him performances all across Canada and beyond. He was recently awarded the Canada Council for the Arts Michael [&hellip;]<\/p>\n","protected":false},"author":1,"featured_media":0,"parent":0,"menu_order":0,"comment_status":"closed","ping_status":"closed","template":"","meta":{"site-sidebar-layout":"no-sidebar","site-content-layout":"page-builder","ast-site-content-layout":"default","site-content-style":"default","site-sidebar-style":"default","ast-global-header-display":"","ast-banner-title-visibility":"","ast-main-header-display":"","ast-hfb-above-header-display":"","ast-hfb-below-header-display":"","ast-hfb-mobile-header-display":"","site-post-title":"disabled","ast-breadcrumbs-content":"disabled","ast-featured-img":"disabled","footer-sml-layout":"","ast-disable-related-posts":"","theme-transparent-header-meta":"enabled","adv-header-id-meta":"","stick-header-meta":"","header-above-stick-meta":"","header-main-stick-meta":"","header-below-stick-meta":"","astra-migrate-meta-layouts":"default","ast-page-background-enabled":"default","ast-page-background-meta":{"desktop":{"background-color":"","background-image":"","background-repeat":"repeat","background-position":"center center","background-size":"auto","background-attachment":"scroll","background-type":"","background-media":"","overlay-type":"","overlay-color":"","overlay-opacity":"","overlay-gradient":""},"tablet":{"background-color":"","background-image":"","background-repeat":"repeat","background-position":"center center","background-size":"auto","background-attachment":"scroll","background-type":"","background-media":"","overlay-type":"","overlay-color":"","overlay-opacity":"","overlay-gradient":""},"mobile":{"background-color":"","background-image":"","background-repeat":"repeat","background-position":"center center","background-size":"auto","background-attachment":"scroll","background-type":"","background-media":"","overlay-type":"","overlay-color":"","overlay-opacity":"","overlay-gradient":""}},"ast-content-background-meta":{"desktop":{"background-color":"var(--ast-global-color-5)","background-image":"","background-repeat":"repeat","background-position":"center center","background-size":"auto","background-attachment":"scroll","background-type":"","background-media":"","overlay-type":"","overlay-color":"","overlay-opacity":"","overlay-gradient":""},"tablet":{"background-color":"var(--ast-global-color-5)","background-image":"","background-repeat":"repeat","background-position":"center center","background-size":"auto","background-attachment":"scroll","background-type":"","background-media":"","overlay-type":"","overlay-color":"","overlay-opacity":"","overlay-gradient":""},"mobile":{"background-color":"var(--ast-global-color-5)","background-image":"","background-repeat":"repeat","background-position":"center center","background-size":"auto","background-attachment":"scroll","background-type":"","background-media":"","overlay-type":"","overlay-color":"","overlay-opacity":"","overlay-gradient":""}},"footnotes":""},"class_list":["post-883","page","type-page","status-publish","hentry"],"aioseo_notices":[],"_links":{"self":[{"href":"https:\/\/justin-saulnier.com\/fr\/wp-json\/wp\/v2\/pages\/883","targetHints":{"allow":["GET"]}}],"collection":[{"href":"https:\/\/justin-saulnier.com\/fr\/wp-json\/wp\/v2\/pages"}],"about":[{"href":"https:\/\/justin-saulnier.com\/fr\/wp-json\/wp\/v2\/types\/page"}],"author":[{"embeddable":true,"href":"https:\/\/justin-saulnier.com\/fr\/wp-json\/wp\/v2\/users\/1"}],"replies":[{"embeddable":true,"href":"https:\/\/justin-saulnier.com\/fr\/wp-json\/wp\/v2\/comments?post=883"}],"version-history":[{"count":210,"href":"https:\/\/justin-saulnier.com\/fr\/wp-json\/wp\/v2\/pages\/883\/revisions"}],"predecessor-version":[{"id":1501,"href":"https:\/\/justin-saulnier.com\/fr\/wp-json\/wp\/v2\/pages\/883\/revisions\/1501"}],"wp:attachment":[{"href":"https:\/\/justin-saulnier.com\/fr\/wp-json\/wp\/v2\/media?parent=883"}],"curies":[{"name":"wp","href":"https:\/\/api.w.org\/{rel}","templated":true}]}}